{"id":128,"date":"2019-02-04T07:14:46","date_gmt":"2019-02-04T06:14:46","guid":{"rendered":"http:\/\/joshhammerlj.com\/?page_id=128"},"modified":"2025-03-27T20:59:59","modified_gmt":"2025-03-27T19:59:59","slug":"a-propos","status":"publish","type":"page","link":"https:\/\/joshhammerlj.com\/?page_id=128","title":{"rendered":"\u00c0 Propos"},"content":{"rendered":"\n<p class=\"has-drop-cap\" style=\"font-size:18px\">Depuis tout petit, j\u2019adore les films d\u2019horreur et les sensations fortes. Je volais les cassettes vid\u00e9o dans la biblioth\u00e8que de mes parents, impatient de d\u00e9couvrir de nouveaux frissons. J\u2019invitais souvent mes amis \u00e0 me rejoindre, nous fermions les volets, et la s\u00e9ance pouvait commencer. Je me souviendrai toujours de L\u2019Ascenseur, un film des ann\u00e9es 80. L\u2019histoire se d\u00e9roulait dans un immeuble o\u00f9 un savant fou mettait au point une puce intelligente et autonome. Mais il n\u2019avait pas anticip\u00e9 son \u00e9volution\u2026 Les jours suivants, des cadavres \u00e9taient retrouv\u00e9s dans la cage de l\u2019ascenseur. J\u2019\u00e9tais terrifi\u00e9 \u00e0 l\u2019id\u00e9e d\u2019en prendre un moi-m\u00eame.<\/p>\n\n\n<div class=\"wp-block-image\">\n<figure class=\"aligncenter\"><img loading=\"lazy\" decoding=\"async\" width=\"553\" height=\"307\" src=\"https:\/\/joshhammerlj.com\/wp-content\/uploads\/2019\/02\/l-ascenseur-de-dick-maas-1983-horreur.png\" alt=\"\" class=\"wp-image-187\" srcset=\"https:\/\/joshhammerlj.com\/wp-content\/uploads\/2019\/02\/l-ascenseur-de-dick-maas-1983-horreur.png 553w, https:\/\/joshhammerlj.com\/wp-content\/uploads\/2019\/02\/l-ascenseur-de-dick-maas-1983-horreur-300x167.png 300w\" sizes=\"auto, (max-width: 553px) 100vw, 553px\" \/><figcaption class=\"wp-element-caption\">&#8211; Photo : Film l&rsquo;Ascenseur de Dick Maas &#8211; <\/figcaption><\/figure><\/div>\n\n\n<p class=\"has-drop-cap\" style=\"font-size:18px\">Carbonetto J\u00e9r\u00e9my : Aujourd\u2019hui, l\u2019informatique fait partie de mon quotidien. Je suis passionn\u00e9 par les nouvelles technologies, les gadgets et la t\u00e9l\u00e9phonie. Une passion qui ne cesse d\u2019\u00e9voluer, nourrie par ma curiosit\u00e9 et par l\u2019innovation permanente.<\/p>\n\n\n\n<p class=\"has-drop-cap\" style=\"font-size:18px\">Le soir, apr\u00e8s le travail, j\u2019\u00e9cris. Je me perds dans mon imagination, je plonge dans une bulle et je vis \u00e0 travers mes personnages.<\/p>\n\n\n\n<p>Josh Hammer\u2026 D\u2019o\u00f9 vient ce nom ?<\/p>\n\n\n\n<p>Josh est un pr\u00e9nom que j\u2019adore. Aujourd\u2019hui, je m\u2019appelle J\u00e9r\u00e9my, mais j\u2019aurais aim\u00e9 m\u2019appeler Josh. J\u2019aime les pr\u00e9noms anglais, ils ont une sonorit\u00e9 particuli\u00e8re qui me pla\u00eet.<\/p>\n\n\n\n<p>J\u2019ai commenc\u00e9 \u00e0 \u00e9crire \u00e0 l\u2019\u00e2ge de 15 ans, griffonnant de petites histoires sur des bouts de papier. Mais je ne les ai jamais vraiment termin\u00e9es. Aujourd\u2019hui, je me lance un d\u00e9fi : aller jusqu\u2019au bout. \u00c9crire une histoire compl\u00e8te. Me surpasser. Et peut-\u00eatre, un jour, atteindre le sommet.<\/p>\n\n\n<div class=\"wp-block-image is-resized\">\n<figure class=\"aligncenter\"><img loading=\"lazy\" decoding=\"async\" width=\"300\" height=\"170\" src=\"https:\/\/joshhammerlj.com\/wp-content\/uploads\/2019\/02\/fantasy-2861815_1920-300x170.jpg\" alt=\"\" class=\"wp-image-194\" srcset=\"https:\/\/joshhammerlj.com\/wp-content\/uploads\/2019\/02\/fantasy-2861815_1920-300x170.jpg 300w, https:\/\/joshhammerlj.com\/wp-content\/uploads\/2019\/02\/fantasy-2861815_1920-768x434.jpg 768w, https:\/\/joshhammerlj.com\/wp-content\/uploads\/2019\/02\/fantasy-2861815_1920-1024x579.jpg 1024w, https:\/\/joshhammerlj.com\/wp-content\/uploads\/2019\/02\/fantasy-2861815_1920.jpg 1920w\" sizes=\"auto, (max-width: 300px) 100vw, 300px\" \/><figcaption class=\"wp-element-caption\">&#8211; Peut-\u00eatre dans un futur proche ? &#8211;<\/figcaption><\/figure><\/div>","protected":false},"excerpt":{"rendered":"<p>Depuis tout petit, j\u2019adore les films d\u2019horreur et les sensations fortes. Je volais les cassettes vid\u00e9o dans la biblioth\u00e8que de mes parents, impatient de d\u00e9couvrir de nouveaux frissons. J\u2019invitais souvent mes amis \u00e0 me rejoindre, nous fermions les volets, et la s\u00e9ance pouvait commencer. Je me souviendrai toujours de L\u2019Ascenseur, [&hellip;]<\/p>\n","protected":false},"author":1,"featured_media":0,"parent":0,"menu_order":0,"comment_status":"closed","ping_status":"closed","template":"","meta":{"footnotes":""},"class_list":["post-128","page","type-page","status-publish","hentry","post"],"jetpack_sharing_enabled":true,"_links":{"self":[{"href":"https:\/\/joshhammerlj.com\/index.php?rest_route=\/wp\/v2\/pages\/128","targetHints":{"allow":["GET"]}}],"collection":[{"href":"https:\/\/joshhammerlj.com\/index.php?rest_route=\/wp\/v2\/pages"}],"about":[{"href":"https:\/\/joshhammerlj.com\/index.php?rest_route=\/wp\/v2\/types\/page"}],"author":[{"embeddable":true,"href":"https:\/\/joshhammerlj.com\/index.php?rest_route=\/wp\/v2\/users\/1"}],"replies":[{"embeddable":true,"href":"https:\/\/joshhammerlj.com\/index.php?rest_route=%2Fwp%2Fv2%2Fcomments&post=128"}],"version-history":[{"count":12,"href":"https:\/\/joshhammerlj.com\/index.php?rest_route=\/wp\/v2\/pages\/128\/revisions"}],"predecessor-version":[{"id":372,"href":"https:\/\/joshhammerlj.com\/index.php?rest_route=\/wp\/v2\/pages\/128\/revisions\/372"}],"wp:attachment":[{"href":"https:\/\/joshhammerlj.com\/index.php?rest_route=%2Fwp%2Fv2%2Fmedia&parent=128"}],"curies":[{"name":"wp","href":"https:\/\/api.w.org\/{rel}","templated":true}]}}