{"id":149,"date":"2019-01-30T13:04:01","date_gmt":"2019-01-30T12:04:01","guid":{"rendered":"http:\/\/joshhammerlj.com\/?page_id=149"},"modified":"2019-02-05T13:05:42","modified_gmt":"2019-02-05T12:05:42","slug":"vos-avis","status":"publish","type":"page","link":"https:\/\/joshhammerlj.com\/?page_id=149","title":{"rendered":"Vos avis"},"content":{"rendered":"\n<p class=\"has-drop-cap\">Cette page du site internet regroupe tous les avis laiss\u00e9s par les lecteurs et lectrices du roman. J&rsquo;esp\u00e8re qu&rsquo;apr\u00e8s avoir fait connaissance avec les critiques, vous aurez envie de d\u00e9couvrir mon univers. Si vous souhaitez ajouter un commentaire personnalis\u00e9. Vous pouvez m&rsquo;adresser un e-mail disponible sur la page d&rsquo;accueil. Vous pouvez \u00e9galement l&rsquo;ajouter sur le site Amazon.<\/p>\n\n\n\n<div class=\"wp-block-image\"><figure class=\"aligncenter\"><img loading=\"lazy\" decoding=\"async\" width=\"1024\" height=\"256\" src=\"https:\/\/joshhammerlj.com\/wp-content\/uploads\/2019\/02\/Avis-1-1024x256.png\" alt=\"\" class=\"wp-image-210\" srcset=\"https:\/\/joshhammerlj.com\/wp-content\/uploads\/2019\/02\/Avis-1-1024x256.png 1024w, https:\/\/joshhammerlj.com\/wp-content\/uploads\/2019\/02\/Avis-1-300x75.png 300w, https:\/\/joshhammerlj.com\/wp-content\/uploads\/2019\/02\/Avis-1-768x192.png 768w, https:\/\/joshhammerlj.com\/wp-content\/uploads\/2019\/02\/Avis-1.png 1334w\" sizes=\"auto, (max-width: 1024px) 100vw, 1024px\" \/><\/figure><\/div>\n\n\n\n<div class=\"wp-block-image\"><figure class=\"aligncenter\"><img loading=\"lazy\" decoding=\"async\" width=\"1024\" height=\"208\" src=\"https:\/\/joshhammerlj.com\/wp-content\/uploads\/2019\/02\/Avis-2-1024x208.png\" alt=\"\" class=\"wp-image-211\" srcset=\"https:\/\/joshhammerlj.com\/wp-content\/uploads\/2019\/02\/Avis-2-1024x208.png 1024w, https:\/\/joshhammerlj.com\/wp-content\/uploads\/2019\/02\/Avis-2-300x61.png 300w, https:\/\/joshhammerlj.com\/wp-content\/uploads\/2019\/02\/Avis-2-768x156.png 768w, https:\/\/joshhammerlj.com\/wp-content\/uploads\/2019\/02\/Avis-2.png 1322w\" sizes=\"auto, (max-width: 1024px) 100vw, 1024px\" \/><\/figure><\/div>\n\n\n\n<div class=\"wp-block-image\"><figure class=\"aligncenter\"><img loading=\"lazy\" decoding=\"async\" width=\"1024\" height=\"415\" src=\"https:\/\/joshhammerlj.com\/wp-content\/uploads\/2019\/02\/Avis-3-1024x415.png\" alt=\"\" class=\"wp-image-212\" srcset=\"https:\/\/joshhammerlj.com\/wp-content\/uploads\/2019\/02\/Avis-3-1024x415.png 1024w, https:\/\/joshhammerlj.com\/wp-content\/uploads\/2019\/02\/Avis-3-300x122.png 300w, https:\/\/joshhammerlj.com\/wp-content\/uploads\/2019\/02\/Avis-3-768x311.png 768w, https:\/\/joshhammerlj.com\/wp-content\/uploads\/2019\/02\/Avis-3.png 1386w\" sizes=\"auto, (max-width: 1024px) 100vw, 1024px\" \/><\/figure><\/div>\n\n\n\n<div class=\"wp-block-image\"><figure class=\"aligncenter\"><img loading=\"lazy\" decoding=\"async\" width=\"1024\" height=\"881\" src=\"https:\/\/joshhammerlj.com\/wp-content\/uploads\/2019\/02\/Avis-4-1024x881.png\" alt=\"\" class=\"wp-image-214\" srcset=\"https:\/\/joshhammerlj.com\/wp-content\/uploads\/2019\/02\/Avis-4-1024x881.png 1024w, https:\/\/joshhammerlj.com\/wp-content\/uploads\/2019\/02\/Avis-4-300x258.png 300w, https:\/\/joshhammerlj.com\/wp-content\/uploads\/2019\/02\/Avis-4-768x660.png 768w, https:\/\/joshhammerlj.com\/wp-content\/uploads\/2019\/02\/Avis-4.png 1400w\" sizes=\"auto, (max-width: 1024px) 100vw, 1024px\" \/><\/figure><\/div>\n\n\n\n<div class=\"wp-block-image\"><figure class=\"aligncenter\"><img loading=\"lazy\" decoding=\"async\" width=\"1024\" height=\"543\" src=\"https:\/\/joshhammerlj.com\/wp-content\/uploads\/2019\/02\/Avis-4-bis-1024x543.png\" alt=\"\" class=\"wp-image-213\" srcset=\"https:\/\/joshhammerlj.com\/wp-content\/uploads\/2019\/02\/Avis-4-bis-1024x543.png 1024w, https:\/\/joshhammerlj.com\/wp-content\/uploads\/2019\/02\/Avis-4-bis-300x159.png 300w, https:\/\/joshhammerlj.com\/wp-content\/uploads\/2019\/02\/Avis-4-bis-768x407.png 768w, https:\/\/joshhammerlj.com\/wp-content\/uploads\/2019\/02\/Avis-4-bis.png 1456w\" sizes=\"auto, (max-width: 1024px) 100vw, 1024px\" \/><\/figure><\/div>\n\n\n\n<div class=\"wp-block-image\"><figure class=\"aligncenter\"><img loading=\"lazy\" decoding=\"async\" width=\"1024\" height=\"369\" src=\"https:\/\/joshhammerlj.com\/wp-content\/uploads\/2019\/02\/Avis-5-1024x369.png\" alt=\"\" class=\"wp-image-215\" srcset=\"https:\/\/joshhammerlj.com\/wp-content\/uploads\/2019\/02\/Avis-5-1024x369.png 1024w, https:\/\/joshhammerlj.com\/wp-content\/uploads\/2019\/02\/Avis-5-300x108.png 300w, https:\/\/joshhammerlj.com\/wp-content\/uploads\/2019\/02\/Avis-5-768x277.png 768w, https:\/\/joshhammerlj.com\/wp-content\/uploads\/2019\/02\/Avis-5.png 1394w\" sizes=\"auto, (max-width: 1024px) 100vw, 1024px\" \/><\/figure><\/div>\n\n\n\n<div class=\"wp-block-image\"><figure class=\"aligncenter\"><img loading=\"lazy\" decoding=\"async\" width=\"1024\" height=\"322\" src=\"https:\/\/joshhammerlj.com\/wp-content\/uploads\/2019\/02\/Avis-6-1024x322.png\" alt=\"\" class=\"wp-image-216\" srcset=\"https:\/\/joshhammerlj.com\/wp-content\/uploads\/2019\/02\/Avis-6-1024x322.png 1024w, https:\/\/joshhammerlj.com\/wp-content\/uploads\/2019\/02\/Avis-6-300x94.png 300w, https:\/\/joshhammerlj.com\/wp-content\/uploads\/2019\/02\/Avis-6-768x241.png 768w, https:\/\/joshhammerlj.com\/wp-content\/uploads\/2019\/02\/Avis-6.png 1368w\" sizes=\"auto, (max-width: 1024px) 100vw, 1024px\" \/><\/figure><\/div>\n\n\n\n<div class=\"wp-block-image\"><figure class=\"aligncenter\"><img loading=\"lazy\" decoding=\"async\" width=\"1024\" height=\"280\" src=\"https:\/\/joshhammerlj.com\/wp-content\/uploads\/2019\/02\/Avis-7-1024x280.png\" alt=\"\" class=\"wp-image-217\" srcset=\"https:\/\/joshhammerlj.com\/wp-content\/uploads\/2019\/02\/Avis-7-1024x280.png 1024w, https:\/\/joshhammerlj.com\/wp-content\/uploads\/2019\/02\/Avis-7-300x82.png 300w, https:\/\/joshhammerlj.com\/wp-content\/uploads\/2019\/02\/Avis-7-768x210.png 768w, https:\/\/joshhammerlj.com\/wp-content\/uploads\/2019\/02\/Avis-7.png 1382w\" sizes=\"auto, (max-width: 1024px) 100vw, 1024px\" \/><\/figure><\/div>\n","protected":false},"excerpt":{"rendered":"<p>Cette page du site internet regroupe tous les avis laiss\u00e9s par les lecteurs et lectrices du roman. J&rsquo;esp\u00e8re qu&rsquo;apr\u00e8s avoir fait connaissance avec les critiques, vous aurez envie de d\u00e9couvrir mon univers. Si vous souhaitez ajouter un commentaire personnalis\u00e9. Vous pouvez m&rsquo;adresser un e-mail disponible sur la page d&rsquo;accueil. Vous [&hellip;]<\/p>\n","protected":false},"author":1,"featured_media":0,"parent":0,"menu_order":0,"comment_status":"closed","ping_status":"closed","template":"","meta":{"footnotes":""},"class_list":["post-149","page","type-page","status-publish","hentry","post"],"jetpack_sharing_enabled":true,"_links":{"self":[{"href":"https:\/\/joshhammerlj.com\/index.php?rest_route=\/wp\/v2\/pages\/149","targetHints":{"allow":["GET"]}}],"collection":[{"href":"https:\/\/joshhammerlj.com\/index.php?rest_route=\/wp\/v2\/pages"}],"about":[{"href":"https:\/\/joshhammerlj.com\/index.php?rest_route=\/wp\/v2\/types\/page"}],"author":[{"embeddable":true,"href":"https:\/\/joshhammerlj.com\/index.php?rest_route=\/wp\/v2\/users\/1"}],"replies":[{"embeddable":true,"href":"https:\/\/joshhammerlj.com\/index.php?rest_route=%2Fwp%2Fv2%2Fcomments&post=149"}],"version-history":[{"count":4,"href":"https:\/\/joshhammerlj.com\/index.php?rest_route=\/wp\/v2\/pages\/149\/revisions"}],"predecessor-version":[{"id":220,"href":"https:\/\/joshhammerlj.com\/index.php?rest_route=\/wp\/v2\/pages\/149\/revisions\/220"}],"wp:attachment":[{"href":"https:\/\/joshhammerlj.com\/index.php?rest_route=%2Fwp%2Fv2%2Fmedia&parent=149"}],"curies":[{"name":"wp","href":"https:\/\/api.w.org\/{rel}","templated":true}]}}