{"id":34,"date":"2019-01-21T20:39:35","date_gmt":"2019-01-21T19:39:35","guid":{"rendered":"http:\/\/joshhammerlj.com\/?page_id=34"},"modified":"2019-01-21T21:00:09","modified_gmt":"2019-01-21T20:00:09","slug":"acheter","status":"publish","type":"page","link":"https:\/\/joshhammerlj.com\/?page_id=34","title":{"rendered":"Acheter"},"content":{"rendered":"<div><\/div>\n<h1><em><strong>TOME 1 : La disparition \u00e9trange d&rsquo;H\u00e9l\u00e9na Folsk<\/strong><\/em><\/h1>\n<h4>H\u00e9l\u00e9na Folsk a disparu depuis des ann\u00e9es maintenant. Je suis charg\u00e9 de r\u00e9soudre le myst\u00e8re de sa disparition. Sa famille est inqui\u00e8te et elle se pose beaucoup de questions. Pourquoi ? Et comment ? Nous pensons tous qu\u2019elle est morte, elle n\u2019a donn\u00e9 aucun signe de vie. Le ou la coupable doit \u00eatre arr\u00eat\u00e9. La v\u00e9rit\u00e9 verra-t-elle le jour ? Je vais vous faire partager toute mon enqu\u00eate. \u00c0 vous de choisir, \u00eates-vous pr\u00eat \u00e0 d\u00e9couvrir toute l\u2019histoire ?<\/h4>\n<p><!--more--><img loading=\"lazy\" decoding=\"async\" class=\"alignnone  wp-image-40\" src=\"https:\/\/joshhammerlj.com\/wp-content\/uploads\/2019\/01\/Couverture-731x1024.jpg\" alt=\"\" width=\"449\" height=\"629\" srcset=\"https:\/\/joshhammerlj.com\/wp-content\/uploads\/2019\/01\/Couverture-731x1024.jpg 731w, https:\/\/joshhammerlj.com\/wp-content\/uploads\/2019\/01\/Couverture-214x300.jpg 214w, https:\/\/joshhammerlj.com\/wp-content\/uploads\/2019\/01\/Couverture-768x1075.jpg 768w, https:\/\/joshhammerlj.com\/wp-content\/uploads\/2019\/01\/Couverture.jpg 1947w\" sizes=\"auto, (max-width: 449px) 100vw, 449px\" \/><\/p>\n<p><em><strong>Disponible sur Amazon :<\/strong><\/em><\/p>\n<p><a href=\"https:\/\/www.amazon.fr\/dp\/1983003476\/ref=cm_sw_r_tw_dp_U_x_19HrCbRRDGJNK\"><img loading=\"lazy\" decoding=\"async\" class=\"alignnone wp-image-44 size-full\" src=\"https:\/\/joshhammerlj.com\/wp-content\/uploads\/2019\/01\/Capture.png\" alt=\"\" width=\"176\" height=\"57\" \/><\/a><a href=\"https:\/\/www.amazon.fr\/dp\/1983003476\/ref=cm_sw_r_tw_dp_U_x_19HrCbRRDGJNK\"><img loading=\"lazy\" decoding=\"async\" class=\"alignnone size-full wp-image-45\" src=\"https:\/\/joshhammerlj.com\/wp-content\/uploads\/2019\/01\/Capture2.png\" alt=\"\" width=\"193\" height=\"56\" \/><\/a><\/p>\n","protected":false},"excerpt":{"rendered":"<p>TOME 1 : La disparition \u00e9trange d&rsquo;H\u00e9l\u00e9na Folsk H\u00e9l\u00e9na Folsk a disparu depuis des ann\u00e9es maintenant. Je suis charg\u00e9 de r\u00e9soudre le myst\u00e8re de sa disparition. Sa famille est inqui\u00e8te et elle se pose beaucoup de questions. Pourquoi ? Et comment ? Nous pensons tous qu\u2019elle est morte, elle n\u2019a [&hellip;]<\/p>\n","protected":false},"author":1,"featured_media":0,"parent":0,"menu_order":0,"comment_status":"closed","ping_status":"closed","template":"","meta":{"footnotes":""},"class_list":["post-34","page","type-page","status-publish","hentry","post"],"jetpack_sharing_enabled":true,"_links":{"self":[{"href":"https:\/\/joshhammerlj.com\/index.php?rest_route=\/wp\/v2\/pages\/34","targetHints":{"allow":["GET"]}}],"collection":[{"href":"https:\/\/joshhammerlj.com\/index.php?rest_route=\/wp\/v2\/pages"}],"about":[{"href":"https:\/\/joshhammerlj.com\/index.php?rest_route=\/wp\/v2\/types\/page"}],"author":[{"embeddable":true,"href":"https:\/\/joshhammerlj.com\/index.php?rest_route=\/wp\/v2\/users\/1"}],"replies":[{"embeddable":true,"href":"https:\/\/joshhammerlj.com\/index.php?rest_route=%2Fwp%2Fv2%2Fcomments&post=34"}],"version-history":[{"count":16,"href":"https:\/\/joshhammerlj.com\/index.php?rest_route=\/wp\/v2\/pages\/34\/revisions"}],"predecessor-version":[{"id":66,"href":"https:\/\/joshhammerlj.com\/index.php?rest_route=\/wp\/v2\/pages\/34\/revisions\/66"}],"wp:attachment":[{"href":"https:\/\/joshhammerlj.com\/index.php?rest_route=%2Fwp%2Fv2%2Fmedia&parent=34"}],"curies":[{"name":"wp","href":"https:\/\/api.w.org\/{rel}","templated":true}]}}