{"id":69,"date":"2019-01-21T21:14:36","date_gmt":"2019-01-21T20:14:36","guid":{"rendered":"http:\/\/joshhammerlj.com\/?page_id=69"},"modified":"2025-03-27T21:12:21","modified_gmt":"2025-03-27T20:12:21","slug":"decouvrir","status":"publish","type":"page","link":"https:\/\/joshhammerlj.com\/?page_id=69","title":{"rendered":"D\u00e9couvrir"},"content":{"rendered":"\n<p class=\"has-drop-cap\" style=\"font-size:17px\">La lecture commence maintenant, vous souhaitez d\u00e9couvrir le roman sans l&rsquo;acheter obligatoirement ? La biblioth\u00e8que est disponible juste en dessous. Retrouvez tous les romans \u00e9crit par J\u00e9r\u00e9my Carbonetto. Aucune inscription, tout est gratuit. Vous pouvez donner votre avis au fur et \u00e0 mesure de la lecture. Si vous avez des questions \u00e0 nous poser, nous sommes \u00e0 votre \u00e9coute.<\/p>\n\n\n<div id=\"pl-gb69-69dc2f4b7ae51\"  class=\"panel-layout\" ><div id=\"pg-gb69-69dc2f4b7ae51-0\"  class=\"panel-grid panel-no-style\" ><div id=\"pgc-gb69-69dc2f4b7ae51-0-0\"  class=\"panel-grid-cell panel-grid-cell-empty\" ><\/div><\/div><\/div>\n\n<div id=\"pl-gb69-69dc2f4b7be34\"  class=\"panel-layout wp-block-siteorigin-panels-layout-block\" ><div id=\"pg-gb69-69dc2f4b7be34-0\"  class=\"panel-grid panel-no-style\" ><div id=\"pgc-gb69-69dc2f4b7be34-0-0\"  class=\"panel-grid-cell\" ><div id=\"panel-gb69-69dc2f4b7be34-0-0-0\" class=\"so-panel widget widget_sow-post-carousel panel-first-child panel-last-child\" data-index=\"0\" ><div\n\t\t\t\n\t\t\tclass=\"so-widget-sow-post-carousel so-widget-sow-post-carousel-base-ad93eedad001-69\"\n\t\t\t\n\t\t>\t<div\n\t\tclass=\"sow-post-carousel-wrapper sow-post-carousel-theme-base\"\n\t\tstyle=\"overflow: hidden; max-width: 100%; min-height: 182px\"\n\t>\n\t\t<div class=\"sow-carousel-title has-title\">\n\t<h3 class=\"widget-title\">TOME 1 : La disparation \u00e9trange d&#039;H\u00e9l\u00e9na Folsk<\/h3>\t\t<div class=\"sow-carousel-navigation \">\n\t\t\t\t\t\t<a href=\"#\" class=\"sow-carousel-next\" title=\"Suivant\" aria-label=\"Next Posts\" role=\"button\"><\/a>\n\t\t\t\t\t\t<a href=\"#\" class=\"sow-carousel-previous\" title=\"Pr\u00e9c\u00e9dent\" aria-label=\"Previous Posts\" role=\"button\"><\/a>\n\t\t\t\t\t<\/div>\n\t<\/div>\n\n<div class=\"sow-carousel-container \">\n\t\t<div class=\"sow-carousel-wrapper\"\n\t\tdata-dir=\"ltr\"\n\t\tstyle=\"opacity: 0;\"\n\t\tdata-widget=\"post\" data-fetching=\"false\" data-page=\"1\" data-ajax-url=\"https:\/\/joshhammerlj.com\/wp-admin\/admin-ajax.php?_widgets_nonce=7ab069cffc\" data-item_count=\"7\" data-carousel_settings=\"{&quot;loop&quot;:true,&quot;animation&quot;:&quot;Ease&quot;,&quot;animation_speed&quot;:400,&quot;autoplay&quot;:&quot;&quot;,&quot;pauseOnHover&quot;:&quot;&quot;,&quot;autoplaySpeed&quot;:8000,&quot;item_overflow&quot;:true,&quot;autoplay_continuous_scroll&quot;:false}\" data-responsive=\"{&quot;desktop_slides_to_scroll&quot;:1,&quot;tablet_landscape_breakpoint&quot;:1366,&quot;tablet_landscape_slides_to_scroll&quot;:2,&quot;tablet_portrait_breakpoint&quot;:1025,&quot;tablet_portrait_slides_to_scroll&quot;:2,&quot;mobile_breakpoint&quot;:480,&quot;mobile_slides_to_scroll&quot;:1}\" data-variable_width=\"true\" \t>\n\t\t<div\n\t\t\tclass=\"sow-carousel-items\"\n\t\t\t\t\t>\n\t\t\t\t<div class=\"sow-carousel-item\" tabindex=\"-1\" style=\"float: left;\">\n\t\t<div class=\"sow-carousel-thumbnail\">\n\t\t\t\t\t\t\t<a\n\t\t\t\t\thref=\"https:\/\/joshhammerlj.com\/?p=92\"\n\t\t\t\t\t\t\t\t\t\tstyle=\"background-image: url( https:\/\/joshhammerlj.com\/wp-content\/uploads\/2019\/01\/Front_of_the_Hotel_de_Ville_de_Roberval-272x182.jpg )\"\n\t\t\t\t\taria-labelledby=\"sow-carousel-id-92\"\n\t\t\t\t\ttabindex=\"-1\"\n\t\t\t\t>\n\t\t\t\t\t<span class=\"overlay\"><\/span>\n\t\t\t\t<\/a>\n\t\t\t\t\t<\/div>\n\t\t<h3 class=\"sow-carousel-item-title\">\n\t\t\t<a\n\t\t\t\thref=\"https:\/\/joshhammerlj.com\/?p=92\"\n\t\t\t\tid=\"sow-carousel-id-92\"\n\t\t\t\t\t\t\t\ttabindex=\"-1\"\n\t\t\t>\n\n\t\t\t\tLa disparition \u00e9trange d&rsquo;H\u00e9l\u00e9na Folsk &#8211; Introduction\t\t\t<\/a>\n\t\t<\/h3>\n\t<\/div>\n\t\t<div class=\"sow-carousel-item\" tabindex=\"-1\" style=\"float: left;\">\n\t\t<div class=\"sow-carousel-thumbnail\">\n\t\t\t\t\t\t\t<a\n\t\t\t\t\thref=\"https:\/\/joshhammerlj.com\/?p=116\"\n\t\t\t\t\t\t\t\t\t\tstyle=\"background-image: url( https:\/\/joshhammerlj.com\/wp-content\/uploads\/2019\/01\/gas-station-924055_1920-272x182.jpg )\"\n\t\t\t\t\taria-labelledby=\"sow-carousel-id-116\"\n\t\t\t\t\ttabindex=\"-1\"\n\t\t\t\t>\n\t\t\t\t\t<span class=\"overlay\"><\/span>\n\t\t\t\t<\/a>\n\t\t\t\t\t<\/div>\n\t\t<h3 class=\"sow-carousel-item-title\">\n\t\t\t<a\n\t\t\t\thref=\"https:\/\/joshhammerlj.com\/?p=116\"\n\t\t\t\tid=\"sow-carousel-id-116\"\n\t\t\t\t\t\t\t\ttabindex=\"-1\"\n\t\t\t>\n\n\t\t\t\tLa disparition \u00e9trange d&rsquo;H\u00e9l\u00e9na Folsk &#8211; Partie 1\t\t\t<\/a>\n\t\t<\/h3>\n\t<\/div>\n\t\t<div class=\"sow-carousel-item\" tabindex=\"-1\" style=\"float: left;\">\n\t\t<div class=\"sow-carousel-thumbnail\">\n\t\t\t\t\t\t\t<a\n\t\t\t\t\thref=\"https:\/\/joshhammerlj.com\/?p=121\"\n\t\t\t\t\t\t\t\t\t\tstyle=\"background-image: url( https:\/\/joshhammerlj.com\/wp-content\/uploads\/2019\/01\/motel-865303_1920-272x182.jpg )\"\n\t\t\t\t\taria-labelledby=\"sow-carousel-id-121\"\n\t\t\t\t\ttabindex=\"-1\"\n\t\t\t\t>\n\t\t\t\t\t<span class=\"overlay\"><\/span>\n\t\t\t\t<\/a>\n\t\t\t\t\t<\/div>\n\t\t<h3 class=\"sow-carousel-item-title\">\n\t\t\t<a\n\t\t\t\thref=\"https:\/\/joshhammerlj.com\/?p=121\"\n\t\t\t\tid=\"sow-carousel-id-121\"\n\t\t\t\t\t\t\t\ttabindex=\"-1\"\n\t\t\t>\n\n\t\t\t\tLa disparition \u00e9trange d\u2019H\u00e9l\u00e9na Folsk \u2013 Partie 2\t\t\t<\/a>\n\t\t<\/h3>\n\t<\/div>\n\t\t\t<\/div>\n\t\t\t<\/div>\n\n\t<\/div>\n\t\t<input type=\"hidden\" name=\"instance_hash\" value=\"fbd31df1\"\/>\n\t<\/div>\n<\/div><\/div><\/div><\/div><div id=\"pg-gb69-69dc2f4b7be34-1\"  class=\"panel-grid panel-no-style\" ><div id=\"pgc-gb69-69dc2f4b7be34-1-0\"  class=\"panel-grid-cell\" ><div id=\"panel-gb69-69dc2f4b7be34-1-0-0\" class=\"so-panel widget widget_sow-post-carousel panel-first-child panel-last-child\" data-index=\"1\" ><div\n\t\t\t\n\t\t\tclass=\"so-widget-sow-post-carousel so-widget-sow-post-carousel-base-0471499d4c66-121\"\n\t\t\t\n\t\t>\t<div\n\t\tclass=\"sow-post-carousel-wrapper sow-post-carousel-theme-base\"\n\t\tstyle=\"overflow: hidden; max-width: 100%; min-height: 182px\"\n\t>\n\t\t<div class=\"sow-carousel-title has-title\">\n\t<h3 class=\"widget-title\">TOME 2 : T&#039;RROR Land &#8211; Un aller sans retour<\/h3>\t\t<div class=\"sow-carousel-navigation \">\n\t\t\t\t\t\t<a href=\"#\" class=\"sow-carousel-next\" title=\"Suivant\" aria-label=\"Next Posts\" role=\"button\"><\/a>\n\t\t\t\t\t\t<a href=\"#\" class=\"sow-carousel-previous\" title=\"Pr\u00e9c\u00e9dent\" aria-label=\"Previous Posts\" role=\"button\"><\/a>\n\t\t\t\t\t<\/div>\n\t<\/div>\n\n<div class=\"sow-carousel-container \">\n\t\t<div class=\"sow-carousel-wrapper\"\n\t\tdata-dir=\"ltr\"\n\t\tstyle=\"opacity: 0;\"\n\t\tdata-widget=\"post\" data-fetching=\"false\" data-page=\"1\" data-ajax-url=\"https:\/\/joshhammerlj.com\/wp-admin\/admin-ajax.php?_widgets_nonce=7ab069cffc\" data-item_count=\"4\" data-carousel_settings=\"{&quot;loop&quot;:true,&quot;animation&quot;:&quot;ease&quot;,&quot;animation_speed&quot;:800,&quot;autoplay&quot;:&quot;off&quot;,&quot;pauseOnHover&quot;:&quot;&quot;,&quot;autoplaySpeed&quot;:8000,&quot;item_overflow&quot;:true,&quot;autoplay_continuous_scroll&quot;:false}\" data-responsive=\"{&quot;desktop_slides_to_scroll&quot;:1,&quot;tablet_landscape_breakpoint&quot;:1366,&quot;tablet_landscape_slides_to_scroll&quot;:2,&quot;tablet_portrait_breakpoint&quot;:1025,&quot;tablet_portrait_slides_to_scroll&quot;:2,&quot;mobile_breakpoint&quot;:480,&quot;mobile_slides_to_scroll&quot;:1}\" data-variable_width=\"true\" \t>\n\t\t<div\n\t\t\tclass=\"sow-carousel-items\"\n\t\t\t\t\t>\n\t\t\t\t<div class=\"sow-carousel-item\" tabindex=\"-1\" style=\"float: left;\">\n\t\t<div class=\"sow-carousel-thumbnail\">\n\t\t\t\t\t\t\t<a\n\t\t\t\t\thref=\"https:\/\/joshhammerlj.com\/?p=202\"\n\t\t\t\t\t\t\t\t\t\tstyle=\"background-image: url( https:\/\/joshhammerlj.com\/wp-content\/uploads\/2019\/02\/fairground-1149626_1920-272x182.jpg )\"\n\t\t\t\t\taria-labelledby=\"sow-carousel-id-202\"\n\t\t\t\t\ttabindex=\"-1\"\n\t\t\t\t>\n\t\t\t\t\t<span class=\"overlay\"><\/span>\n\t\t\t\t<\/a>\n\t\t\t\t\t<\/div>\n\t\t<h3 class=\"sow-carousel-item-title\">\n\t\t\t<a\n\t\t\t\thref=\"https:\/\/joshhammerlj.com\/?p=202\"\n\t\t\t\tid=\"sow-carousel-id-202\"\n\t\t\t\t\t\t\t\ttabindex=\"-1\"\n\t\t\t>\n\n\t\t\t\tT&rsquo;RROR LAND &#8211; Un aller sans retour Partie 1\t\t\t<\/a>\n\t\t<\/h3>\n\t<\/div>\n\t\t<div class=\"sow-carousel-item\" tabindex=\"-1\" style=\"float: left;\">\n\t\t<div class=\"sow-carousel-thumbnail\">\n\t\t\t\t\t\t\t<a\n\t\t\t\t\thref=\"https:\/\/joshhammerlj.com\/?p=223\"\n\t\t\t\t\t\t\t\t\t\tstyle=\"background-image: url( https:\/\/joshhammerlj.com\/wp-content\/uploads\/2019\/02\/img_0118-272x182.jpg )\"\n\t\t\t\t\taria-labelledby=\"sow-carousel-id-223\"\n\t\t\t\t\ttabindex=\"-1\"\n\t\t\t\t>\n\t\t\t\t\t<span class=\"overlay\"><\/span>\n\t\t\t\t<\/a>\n\t\t\t\t\t<\/div>\n\t\t<h3 class=\"sow-carousel-item-title\">\n\t\t\t<a\n\t\t\t\thref=\"https:\/\/joshhammerlj.com\/?p=223\"\n\t\t\t\tid=\"sow-carousel-id-223\"\n\t\t\t\t\t\t\t\ttabindex=\"-1\"\n\t\t\t>\n\n\t\t\t\tT\u2019RROR LAND &#8211; Un aller sans retour Partie 2\t\t\t<\/a>\n\t\t<\/h3>\n\t<\/div>\n\t\t<div class=\"sow-carousel-item\" tabindex=\"-1\" style=\"float: left;\">\n\t\t<div class=\"sow-carousel-thumbnail\">\n\t\t\t\t\t\t\t<a\n\t\t\t\t\thref=\"https:\/\/joshhammerlj.com\/?p=294\"\n\t\t\t\t\t\t\t\t\t\tstyle=\"background-image: url( https:\/\/joshhammerlj.com\/wp-content\/uploads\/2022\/10\/automobile-gd0c268083_1280-272x182.jpg )\"\n\t\t\t\t\taria-labelledby=\"sow-carousel-id-294\"\n\t\t\t\t\ttabindex=\"-1\"\n\t\t\t\t>\n\t\t\t\t\t<span class=\"overlay\"><\/span>\n\t\t\t\t<\/a>\n\t\t\t\t\t<\/div>\n\t\t<h3 class=\"sow-carousel-item-title\">\n\t\t\t<a\n\t\t\t\thref=\"https:\/\/joshhammerlj.com\/?p=294\"\n\t\t\t\tid=\"sow-carousel-id-294\"\n\t\t\t\t\t\t\t\ttabindex=\"-1\"\n\t\t\t>\n\n\t\t\t\tT\u2019RROR LAND &#8211; Un aller sans retour Partie 3\t\t\t<\/a>\n\t\t<\/h3>\n\t<\/div>\n\t\t<div class=\"sow-carousel-item\" tabindex=\"-1\" style=\"float: left;\">\n\t\t<div class=\"sow-carousel-thumbnail\">\n\t\t\t\t\t\t\t<a\n\t\t\t\t\thref=\"https:\/\/joshhammerlj.com\/?p=309\"\n\t\t\t\t\t\t\t\t\t\tstyle=\"background-image: url( https:\/\/joshhammerlj.com\/wp-content\/uploads\/2022\/10\/747F2BE4-9282-4C5E-B417-B48788C9D33A-272x182.jpeg )\"\n\t\t\t\t\taria-labelledby=\"sow-carousel-id-309\"\n\t\t\t\t\ttabindex=\"-1\"\n\t\t\t\t>\n\t\t\t\t\t<span class=\"overlay\"><\/span>\n\t\t\t\t<\/a>\n\t\t\t\t\t<\/div>\n\t\t<h3 class=\"sow-carousel-item-title\">\n\t\t\t<a\n\t\t\t\thref=\"https:\/\/joshhammerlj.com\/?p=309\"\n\t\t\t\tid=\"sow-carousel-id-309\"\n\t\t\t\t\t\t\t\ttabindex=\"-1\"\n\t\t\t>\n\n\t\t\t\tT\u2019RROR LAND &#8211; Un aller sans retour Partie 4\t\t\t<\/a>\n\t\t<\/h3>\n\t<\/div>\n\t\t\t<\/div>\n\t\t\t<\/div>\n\n\t<\/div>\n\t\t<input type=\"hidden\" name=\"instance_hash\" value=\"c30107d5\"\/>\n\t<\/div>\n<\/div><\/div><\/div><\/div><\/div>","protected":false},"excerpt":{"rendered":"<p>La lecture commence maintenant, vous souhaitez d\u00e9couvrir le roman sans l&rsquo;acheter obligatoirement ? La biblioth\u00e8que est disponible juste en dessous. Retrouvez tous les romans \u00e9crit par J\u00e9r\u00e9my Carbonetto. Aucune inscription, tout est gratuit. Vous pouvez donner votre avis au fur et \u00e0 mesure de la lecture. Si vous avez des [&hellip;]<\/p>\n","protected":false},"author":1,"featured_media":0,"parent":0,"menu_order":0,"comment_status":"closed","ping_status":"closed","template":"","meta":{"footnotes":""},"class_list":["post-69","page","type-page","status-publish","hentry","post"],"jetpack_sharing_enabled":true,"_links":{"self":[{"href":"https:\/\/joshhammerlj.com\/index.php?rest_route=\/wp\/v2\/pages\/69","targetHints":{"allow":["GET"]}}],"collection":[{"href":"https:\/\/joshhammerlj.com\/index.php?rest_route=\/wp\/v2\/pages"}],"about":[{"href":"https:\/\/joshhammerlj.com\/index.php?rest_route=\/wp\/v2\/types\/page"}],"author":[{"embeddable":true,"href":"https:\/\/joshhammerlj.com\/index.php?rest_route=\/wp\/v2\/users\/1"}],"replies":[{"embeddable":true,"href":"https:\/\/joshhammerlj.com\/index.php?rest_route=%2Fwp%2Fv2%2Fcomments&post=69"}],"version-history":[{"count":20,"href":"https:\/\/joshhammerlj.com\/index.php?rest_route=\/wp\/v2\/pages\/69\/revisions"}],"predecessor-version":[{"id":380,"href":"https:\/\/joshhammerlj.com\/index.php?rest_route=\/wp\/v2\/pages\/69\/revisions\/380"}],"wp:attachment":[{"href":"https:\/\/joshhammerlj.com\/index.php?rest_route=%2Fwp%2Fv2%2Fmedia&parent=69"}],"curies":[{"name":"wp","href":"https:\/\/api.w.org\/{rel}","templated":true}]}}